{"id":246,"date":"2013-05-03T10:58:31","date_gmt":"2013-05-03T10:58:31","guid":{"rendered":"http:\/\/wer-macht-was-in-nordhessen.de\/?page_id=246"},"modified":"2018-05-23T07:43:58","modified_gmt":"2018-05-23T07:43:58","slug":"delta-trans","status":"publish","type":"page","link":"https:\/\/wbs-software.de\/?page_id=246","title":{"rendered":"delta-trans"},"content":{"rendered":"<p><a href=\"http:\/\/wbs-software.de\/?attachment_id=245\" rel=\"attachment wp-att-245\"><img loading=\"lazy\" class=\"alignnone size-full wp-image-245\" src=\"http:\/\/wbs-software.de\/wp-content\/uploads\/2013\/05\/hp_banner_delta-trans.jpg\" alt=\"hp_banner_delta-trans\" width=\"940\" height=\"198\" srcset=\"https:\/\/wbs-software.de\/wp-content\/uploads\/2013\/05\/hp_banner_delta-trans.jpg 940w, https:\/\/wbs-software.de\/wp-content\/uploads\/2013\/05\/hp_banner_delta-trans-300x63.jpg 300w\" sizes=\"(max-width: 940px) 100vw, 940px\" \/><\/a><\/p>\n<ul>\n<li>Preisanfrage, Angebotserstellung mit \u00dcbernahme in die Auftragsbest\u00e4tigung<\/li>\n<li>Automatische \u00dcbernahme der Daten von allen Mischanlagen<\/li>\n<li>Lieferschein-Tagesjournal, Betriebstagebuch, Barverkauf, Kreditlimit\u00fcberwachung<\/li>\n<li>Preisfindung und Preispflege, alle Preisvarianten pro Sorte und Kunde hinterlegt<\/li>\n<li>Fakturierung, Storno, Gutschrift, Einzel oder Sammelrechnung nach Baustelle\/ Kunde<\/li>\n<li>Valutierung, Rechnungsausgangsjournal<\/li>\n<li>Frachtgutschriften f\u00fcr Fuhrunternehmer<\/li>\n<li>Statistiken mit variablen Vergleichen und grafischen Darstellungen<\/li>\n<li>Daten\u00fcbernahme in Rechnungsarchiv und externe Archivierungssysteme<\/li>\n<li>Daten\u00fcbernahme in Finanzbuchhaltungen (Diamant, Datev, Varial, GDI, etc.)<\/li>\n<li>Schnittstellen zu Microsoft Word und Excel<\/li>\n<\/ul>\n","protected":false},"excerpt":{"rendered":"<p>Preisanfrage, Angebotserstellung mit \u00dcbernahme in die Auftragsbest\u00e4tigung Automatische \u00dcbernahme der Daten von allen Mischanlagen Lieferschein-Tagesjournal, Betriebstagebuch, Barverkauf, Kreditlimit\u00fcberwachung Preisfindung und Preispflege, alle Preisvarianten pro Sorte und Kunde hinterlegt Fakturierung, Storno, Gutschrift, Einzel oder Sammelrechnung nach Baustelle\/ Kunde Valutierung, Rechnungsausgangsjournal Frachtgutschriften f\u00fcr Fuhrunternehmer Statistiken mit variablen Vergleichen und grafischen Darstellungen Daten\u00fcbernahme in Rechnungsarchiv und externe Archivierungssysteme Daten\u00fcbernahme in Finanzbuchhaltungen (Diamant, Datev, Varial, GDI, etc.) Schnittstellen zu Microsoft Word und Excel<\/p>\n","protected":false},"author":1,"featured_media":0,"parent":38,"menu_order":2,"comment_status":"closed","ping_status":"closed","template":"","meta":{"_monsterinsights_skip_tracking":false,"_monsterinsights_sitenote_active":false,"_monsterinsights_sitenote_note":"","_monsterinsights_sitenote_category":0,"spay_email":""},"_links":{"self":[{"href":"https:\/\/wbs-software.de\/index.php?rest_route=\/wp\/v2\/pages\/246"}],"collection":[{"href":"https:\/\/wbs-software.de\/index.php?rest_route=\/wp\/v2\/pages"}],"about":[{"href":"https:\/\/wbs-software.de\/index.php?rest_route=\/wp\/v2\/types\/page"}],"author":[{"embeddable":true,"href":"https:\/\/wbs-software.de\/index.php?rest_route=\/wp\/v2\/users\/1"}],"replies":[{"embeddable":true,"href":"https:\/\/wbs-software.de\/index.php?rest_route=%2Fwp%2Fv2%2Fcomments&post=246"}],"version-history":[{"count":7,"href":"https:\/\/wbs-software.de\/index.php?rest_route=\/wp\/v2\/pages\/246\/revisions"}],"predecessor-version":[{"id":450,"href":"https:\/\/wbs-software.de\/index.php?rest_route=\/wp\/v2\/pages\/246\/revisions\/450"}],"up":[{"embeddable":true,"href":"https:\/\/wbs-software.de\/index.php?rest_route=\/wp\/v2\/pages\/38"}],"wp:attachment":[{"href":"https:\/\/wbs-software.de\/index.php?rest_route=%2Fwp%2Fv2%2Fmedia&parent=246"}],"curies":[{"name":"wp","href":"https:\/\/api.w.org\/{rel}","templated":true}]}}