{"id":38,"date":"2013-04-09T12:45:00","date_gmt":"2013-04-09T11:45:00","guid":{"rendered":"http:\/\/epic-design.de\/?page_id=38"},"modified":"2016-11-16T15:47:29","modified_gmt":"2016-11-16T15:47:29","slug":"produkte","status":"publish","type":"page","link":"https:\/\/wbs-software.de\/?page_id=38","title":{"rendered":"Produkte"},"content":{"rendered":"<h4>Wir haben f\u00fcr viele Industriebereiche die richtige L\u00f6sung f\u00fcr Sie parat.<\/h4>\n<p><a href=\"http:\/\/wbs-software.de\/?page_id=96\" rel=\"attachment wp-att-117\"><img loading=\"lazy\" class=\"size-full wp-image-117 alignleft\" src=\"http:\/\/wbs-software.de\/wp-content\/uploads\/2013\/04\/beatlogo.gif\" alt=\"beatlogo\" width=\"100\" height=\"96\" \/><\/a><a href=\"http:\/\/wbs-software.de\/?attachment_id=98\" rel=\"attachment wp-att-118\"><img loading=\"lazy\" class=\"size-full wp-image-118 alignleft\" src=\"http:\/\/wbs-software.de\/wp-content\/uploads\/2013\/04\/delikatlogo.gif\" alt=\"delikatlogo\" width=\"100\" height=\"98\" \/><\/a> <a href=\"http:\/\/wbs-software.de\/?attachment_id=93\" rel=\"attachment wp-att-119\"><img loading=\"lazy\" class=\"size-full wp-image-119 alignleft\" src=\"http:\/\/wbs-software.de\/wp-content\/uploads\/2013\/04\/deltalogo.gif\" alt=\"deltalogo\" width=\"100\" height=\"96\" \/><\/a> <a href=\"http:\/\/wbs-software.de\/?attachment_id=246\" rel=\"attachment wp-att-120\"><img loading=\"lazy\" class=\"size-full wp-image-120 alignleft\" src=\"http:\/\/wbs-software.de\/wp-content\/uploads\/2013\/04\/deltatranslogo.gif\" alt=\"deltatranslogo\" width=\"100\" height=\"97\" \/><\/a>\u00a0\u00a0 <a href=\"http:\/\/wbs-software.de\/?attachment_id=100\" rel=\"attachment wp-att-121\"><img loading=\"lazy\" class=\"size-full wp-image-121 alignleft\" src=\"http:\/\/wbs-software.de\/wp-content\/uploads\/2013\/04\/velologo.gif\" alt=\"velologo\" width=\"100\" height=\"98\" \/><\/a><\/p>\n","protected":false},"excerpt":{"rendered":"<p>Wir haben f\u00fcr viele Industriebereiche die richtige L\u00f6sung f\u00fcr Sie parat. \u00a0\u00a0<\/p>\n","protected":false},"author":1,"featured_media":0,"parent":0,"menu_order":0,"comment_status":"closed","ping_status":"closed","template":"","meta":{"_monsterinsights_skip_tracking":false,"_monsterinsights_sitenote_active":false,"_monsterinsights_sitenote_note":"","_monsterinsights_sitenote_category":0,"spay_email":""},"_links":{"self":[{"href":"https:\/\/wbs-software.de\/index.php?rest_route=\/wp\/v2\/pages\/38"}],"collection":[{"href":"https:\/\/wbs-software.de\/index.php?rest_route=\/wp\/v2\/pages"}],"about":[{"href":"https:\/\/wbs-software.de\/index.php?rest_route=\/wp\/v2\/types\/page"}],"author":[{"embeddable":true,"href":"https:\/\/wbs-software.de\/index.php?rest_route=\/wp\/v2\/users\/1"}],"replies":[{"embeddable":true,"href":"https:\/\/wbs-software.de\/index.php?rest_route=%2Fwp%2Fv2%2Fcomments&post=38"}],"version-history":[{"count":18,"href":"https:\/\/wbs-software.de\/index.php?rest_route=\/wp\/v2\/pages\/38\/revisions"}],"predecessor-version":[{"id":400,"href":"https:\/\/wbs-software.de\/index.php?rest_route=\/wp\/v2\/pages\/38\/revisions\/400"}],"wp:attachment":[{"href":"https:\/\/wbs-software.de\/index.php?rest_route=%2Fwp%2Fv2%2Fmedia&parent=38"}],"curies":[{"name":"wp","href":"https:\/\/api.w.org\/{rel}","templated":true}]}}