{"id":40,"date":"2013-04-09T12:50:38","date_gmt":"2013-04-09T12:50:38","guid":{"rendered":"http:\/\/epic-design.de\/?page_id=40"},"modified":"2019-08-06T07:54:01","modified_gmt":"2019-08-06T07:54:01","slug":"unternehmen","status":"publish","type":"page","link":"https:\/\/wbs-software.de\/?page_id=40","title":{"rendered":"Unternehmen"},"content":{"rendered":"<p>Die w.b.s. Software GmbH ist ein EDV-Dienstleistungsunternehmen aus Bad Emstal (nahe Kassel, Hessen) und unterst\u00fctzt mittelst\u00e4ndische Fertigungs- und Handelsunternehmen bei der Umsetzung und Optimierung der Gesch\u00e4ftsprozesse mit Hilfe hochwertiger EDV-L\u00f6sungen und Dienstleistungen. Das 1975 gegr\u00fcndete Unternehmen ist Inhabergef\u00fchrt und verf\u00fcgt \u00fcber langj\u00e4hrige Erfahrung in der EDV-Branche.<\/p>\n<p>Die w.b.s. Software GmbH hat mit den Produkten <a title=\"beta\" href=\"http:\/\/wbs-software.de\/?page_id=96\">beta<\/a>,\u00a0 <a title=\"delikat\" href=\"http:\/\/wbs-software.de\/?attachment_id=98\">delikat<\/a>, <a title=\"delta\" href=\"http:\/\/wbs-software.de\/?attachment_id=93\">delta<\/a>, <a title=\"delta-trans\" href=\"http:\/\/wbs-software.de\/?attachment_id=246\">delta-trans<\/a> und <a title=\"velo\" href=\"http:\/\/wbs-software.de\/?attachment_id=100\">velo<\/a> eine ERP und CRM-L\u00f6sung f\u00fcr mittelst\u00e4ndische Unternehmen entwickelt, die auf dem Markt Alleinstellungsmerkmale besitzt.<\/p>\n<p>Aufgrund des prozessorientierten Ansatzes der Software, lassen sich alle betrieblichen Abl\u00e4ufe in der Waren- und Materialwirtschaft vom Absatz \u00fcber Beschaffung bis zum Lagermanagement unternehmensspezifisch abbilden und steuern.<\/p>\n","protected":false},"excerpt":{"rendered":"<p>Die w.b.s. Software GmbH ist ein EDV-Dienstleistungsunternehmen aus Bad Emstal (nahe Kassel, Hessen) und unterst\u00fctzt mittelst\u00e4ndische Fertigungs- und Handelsunternehmen bei der Umsetzung und Optimierung der Gesch\u00e4ftsprozesse mit Hilfe hochwertiger EDV-L\u00f6sungen und Dienstleistungen. Das 1975 gegr\u00fcndete Unternehmen ist Inhabergef\u00fchrt und verf\u00fcgt \u00fcber langj\u00e4hrige Erfahrung in der EDV-Branche. Die w.b.s. Software GmbH hat mit den Produkten beta,\u00a0 delikat, delta, delta-trans und velo eine ERP und CRM-L\u00f6sung f\u00fcr mittelst\u00e4ndische Unternehmen entwickelt, die auf dem Markt Alleinstellungsmerkmale besitzt. Aufgrund des prozessorientierten Ansatzes der Software, lassen sich alle betrieblichen Abl\u00e4ufe in der Waren- und Materialwirtschaft vom Absatz \u00fcber Beschaffung bis zum Lagermanagement unternehmensspezifisch abbilden und steuern.<\/p>\n","protected":false},"author":1,"featured_media":0,"parent":0,"menu_order":0,"comment_status":"closed","ping_status":"open","template":"","meta":{"_monsterinsights_skip_tracking":false,"_monsterinsights_sitenote_active":false,"_monsterinsights_sitenote_note":"","_monsterinsights_sitenote_category":0,"spay_email":""},"_links":{"self":[{"href":"https:\/\/wbs-software.de\/index.php?rest_route=\/wp\/v2\/pages\/40"}],"collection":[{"href":"https:\/\/wbs-software.de\/index.php?rest_route=\/wp\/v2\/pages"}],"about":[{"href":"https:\/\/wbs-software.de\/index.php?rest_route=\/wp\/v2\/types\/page"}],"author":[{"embeddable":true,"href":"https:\/\/wbs-software.de\/index.php?rest_route=\/wp\/v2\/users\/1"}],"replies":[{"embeddable":true,"href":"https:\/\/wbs-software.de\/index.php?rest_route=%2Fwp%2Fv2%2Fcomments&post=40"}],"version-history":[{"count":13,"href":"https:\/\/wbs-software.de\/index.php?rest_route=\/wp\/v2\/pages\/40\/revisions"}],"predecessor-version":[{"id":683,"href":"https:\/\/wbs-software.de\/index.php?rest_route=\/wp\/v2\/pages\/40\/revisions\/683"}],"wp:attachment":[{"href":"https:\/\/wbs-software.de\/index.php?rest_route=%2Fwp%2Fv2%2Fmedia&parent=40"}],"curies":[{"name":"wp","href":"https:\/\/api.w.org\/{rel}","templated":true}]}}