{"id":53,"date":"2013-04-09T14:54:32","date_gmt":"2013-04-09T14:54:32","guid":{"rendered":"http:\/\/epic-design.de\/?page_id=53"},"modified":"2019-07-18T16:33:26","modified_gmt":"2019-07-18T16:33:26","slug":"impressum","status":"publish","type":"page","link":"https:\/\/wbs-software.de\/?page_id=53","title":{"rendered":"Impressum"},"content":{"rendered":"<p>Die Nutzung von www.wbs-software.de erfolgt auf eigenes Risiko. Eine Haftung oder Gew\u00e4hrleistung f\u00fcr Inanspruchnahme unserer Dienste und Inhalte oder deren Verf\u00fcgbarkeit wird nicht \u00fcbernommen.<br \/>\nAlle unter der Domain www.wbs-software.de vorliegenden Informationen und Meldungen unterliegen dem Urheberrecht. \u00dcbernahme, Speicherung, Vervielf\u00e4ltigung, Wiedergabe und sonstige Verwendung gleich welcher Art ist &#8211; auch Auszugsweise &#8211; nur nach schriftlicher Genehmigung unter eindeutiger Quellenangabe erlaubt<br \/>\nHaftungsvorbehalt<\/p>\n<p>Mit Urteil vom 12. Mai 1998 &#8211; 312 O 85\/98 &#8211; &#8222;Haftung f\u00fcr Links&#8220; hat das Landgericht (LG) Hamburg entschieden, dass man durch die Erstellung eines Links die Inhalte der gelinkten Seite gegebenenfalls mit zu verantworten hat. Dieses k\u00f6nne nur dadurch verhindert werden, dass man sich ausdr\u00fccklich von diesen Inhalten distanziert. Wir erkl\u00e4ren hiermit, dass wir keinen Einfluss auf die Gestaltung der von uns gelinkten Seiten haben und distanzieren uns ausdr\u00fccklich von deren Inhalten.<br \/>\nIrrt\u00fcmer und \u00c4nderungen vorbehalten. Alle Ver\u00f6ffentlichungen erfolgen ohne Gew\u00e4hr. F\u00fcr Sch\u00e4den aufgrund fehlerhaften Informationen oder Ver\u00f6ffentlichung keine Haftung, au\u00dfer bei Vorsatz oder grober Fahrl\u00e4ssigkeit.<\/p>\n<p>Diese Website benutzt <em>Google Analytics<\/em>, einen Webanalysedienst der Google Inc. (\u201eGoogle\u201c). Google Analytics verwendet sog. \u201eCookies\u201c, Textdateien, die auf Ihrem Computer gespeichert werden und die eine Analyse der Benutzung der Website durch Sie erm\u00f6glichen. Die durch den Cookie erzeugten Informationen \u00fcber Ihre Benutzung dieser Website werden in der Regel an einen Server von Google in den USA \u00fcbertragen und dort gespeichert. Im Falle der Aktivierung der IP-Anonymisierung auf dieser Webseite, wird Ihre IP-Adresse von Google jedoch innerhalb von Mitgliedstaaten der Europ\u00e4ischen Union oder in anderen Vertragsstaaten des Abkommens \u00fcber den Europ\u00e4ischen Wirtschaftsraum zuvor gek\u00fcrzt. Nur in Ausnahmef\u00e4llen wird die volle IP-Adresse an einen Server von Google in den USA \u00fcbertragen und dort gek\u00fcrzt. Im Auftrag des Betreibers dieser Website wird Google diese Informationen benutzen, um Ihre Nutzung der Website auszuwerten, um Reports \u00fcber die Websiteaktivit\u00e4ten zusammenzustellen und um weitere mit der Websitenutzung und der Internetnutzung verbundene Dienstleistungen gegen\u00fcber dem Websitebetreiber zu erbringen. Die im Rahmen von Google Analytics von Ihrem Browser \u00fcbermittelte IP-Adresse wird nicht mit anderen Daten von Google zusammengef\u00fchrt. Sie k\u00f6nnen die Speicherung der Cookies durch eine entsprechende Einstellung Ihrer Browser-Software verhindern; wir weisen Sie jedoch darauf hin, dass Sie in diesem Fall gegebenenfalls nicht s\u00e4mtliche Funktionen dieser Website vollumf\u00e4nglich werden nutzen k\u00f6nnen. Sie k\u00f6nnen dar\u00fcber hinaus die Erfassung der durch das Cookie erzeugten und auf Ihre Nutzung der Website bezogenen Daten (inkl. Ihrer IP-Adresse) an Google sowie die Verarbeitung dieser Daten durch Google verhindern, indem sie das unter dem folgenden Link (<a href=\"http:\/\/tools.google.com\/dlpage\/gaoptout?hl=de\" target=\"_blank\" rel=\"noopener noreferrer\">http:\/\/tools.google.com\/dlpage\/gaoptout?hl=de<\/a>) verf\u00fcgbare Browser-Plugin herunterladen und installieren.<\/p>\n<p>N\u00e4here Informationen zu Nutzungsbedingungen und Datenschutz finden Sie unter <a href=\"http:\/\/www.google.com\/analytics\/terms\/de.html\" target=\"_blank\" rel=\"noopener noreferrer\">http:\/\/www.google.com\/analytics\/terms\/de.html<\/a> bzw. unter\u00a0<a href=\"http:\/\/www.google.com\/intl\/de\/analytics\/privacyoverview.html\" target=\"_blank\" rel=\"noopener noreferrer\">http:\/\/www.google.com\/intl\/de\/analytics\/privacyoverview.html<\/a>. Wir weisen Sie darauf hin, dass auf dieser Webseite Google Analytics um den Code \u201egat._anonymizeIp();\u201c erweitert wurde, <em>um eine anonymisierte Erfassung von IP-Adressen<\/em> (sog. IP-Masking) <em>zu gew\u00e4hrleisten.<\/em><\/p>\n<p>Senden Sie E-Mail mit Fragen oder Kommentaren zu dieser Website an:<br \/>\nwebmaster@wbs-software.de<\/p>\n<p>w.b.s. Software GmbH<br \/>\nKasseler Stra\u00dfe 61<br \/>\n34308 Bad Emstal<\/p>\n<p>Telefon\u00a0 (0 56 24) 9 23 98 &#8211; 0<br \/>\nTelefax\u00a0 (0 56 24) 9 23 98 &#8211; 20<\/p>\n<p>Amtsgericht Kassel &#8211; HRB 2932<br \/>\nUst Id-Nr.:\u00a0 DE 113090358<\/p>\n<p>Gesch\u00e4ftsf\u00fchrer:<br \/>\nHarald Menges<br \/>\nPaul Blaszczyk<\/p>\n<p>Stand: 03.05.2019<\/p>\n","protected":false},"excerpt":{"rendered":"<p>Die Nutzung von www.wbs-software.de erfolgt auf eigenes Risiko. Eine Haftung oder Gew\u00e4hrleistung f\u00fcr Inanspruchnahme unserer Dienste und Inhalte oder deren Verf\u00fcgbarkeit wird nicht \u00fcbernommen. Alle unter der Domain www.wbs-software.de vorliegenden Informationen und Meldungen unterliegen dem Urheberrecht. \u00dcbernahme, Speicherung, Vervielf\u00e4ltigung, Wiedergabe und sonstige Verwendung gleich welcher Art ist &#8211; auch Auszugsweise &#8211; nur nach schriftlicher Genehmigung unter eindeutiger Quellenangabe erlaubt Haftungsvorbehalt Mit Urteil vom 12. Mai 1998 &#8211; 312 O 85\/98 &#8211; &#8222;Haftung f\u00fcr Links&#8220; hat das Landgericht (LG) Hamburg entschieden, dass man durch die Erstellung eines Links die Inhalte der gelinkten Seite gegebenenfalls mit zu verantworten hat. Dieses k\u00f6nne nur dadurch verhindert werden, dass man sich ausdr\u00fccklich von diesen Inhalten &#8230; <a title=\"Impressum\" class=\"read-more\" href=\"https:\/\/wbs-software.de\/?page_id=53\" aria-label=\"Mehr dazu unter Impressum\">Weiterlesen<\/a><\/p>\n","protected":false},"author":1,"featured_media":0,"parent":0,"menu_order":10,"comment_status":"closed","ping_status":"closed","template":"","meta":{"_monsterinsights_skip_tracking":false,"_monsterinsights_sitenote_active":false,"_monsterinsights_sitenote_note":"","_monsterinsights_sitenote_category":0,"spay_email":""},"_links":{"self":[{"href":"https:\/\/wbs-software.de\/index.php?rest_route=\/wp\/v2\/pages\/53"}],"collection":[{"href":"https:\/\/wbs-software.de\/index.php?rest_route=\/wp\/v2\/pages"}],"about":[{"href":"https:\/\/wbs-software.de\/index.php?rest_route=\/wp\/v2\/types\/page"}],"author":[{"embeddable":true,"href":"https:\/\/wbs-software.de\/index.php?rest_route=\/wp\/v2\/users\/1"}],"replies":[{"embeddable":true,"href":"https:\/\/wbs-software.de\/index.php?rest_route=%2Fwp%2Fv2%2Fcomments&post=53"}],"version-history":[{"count":17,"href":"https:\/\/wbs-software.de\/index.php?rest_route=\/wp\/v2\/pages\/53\/revisions"}],"predecessor-version":[{"id":677,"href":"https:\/\/wbs-software.de\/index.php?rest_route=\/wp\/v2\/pages\/53\/revisions\/677"}],"wp:attachment":[{"href":"https:\/\/wbs-software.de\/index.php?rest_route=%2Fwp%2Fv2%2Fmedia&parent=53"}],"curies":[{"name":"wp","href":"https:\/\/api.w.org\/{rel}","templated":true}]}}