{"id":96,"date":"2013-04-10T08:51:04","date_gmt":"2013-04-10T08:51:04","guid":{"rendered":"http:\/\/wer-macht-was-in-nordhessen.de\/?page_id=96"},"modified":"2018-05-23T07:46:39","modified_gmt":"2018-05-23T07:46:39","slug":"beta","status":"publish","type":"page","link":"https:\/\/wbs-software.de\/?page_id=96","title":{"rendered":"beta"},"content":{"rendered":"<p><a href=\"http:\/\/wbs-software.de\/?attachment_id=217\" rel=\"attachment wp-att-217\"><img loading=\"lazy\" class=\"alignnone size-full wp-image-217\" src=\"http:\/\/wbs-software.de\/wp-content\/uploads\/2013\/05\/hp_banner_beta.jpg\" alt=\"hp_banner_beta\" width=\"940\" height=\"198\" srcset=\"https:\/\/wbs-software.de\/wp-content\/uploads\/2013\/05\/hp_banner_beta.jpg 940w, https:\/\/wbs-software.de\/wp-content\/uploads\/2013\/05\/hp_banner_beta-300x63.jpg 300w\" sizes=\"(max-width: 940px) 100vw, 940px\" \/><\/a><\/p>\n<ul>\n<li>Preisanfrage, Angebotserstellung mit \u00dcbernahme in die Auftragsbest\u00e4tigung<\/li>\n<li>Preisfindung, Preispflege, alle Preisvarianten: Baustellen, Kunden, div. Preislisten, Rabatte und Frachts\u00e4tze<\/li>\n<li>Rezepturen<\/li>\n<li>Referenzbaustellen &#8211; Musterfl\u00e4chen<\/li>\n<li>Lieferschein-Tagesjournal, Betriebstagebuch, Barverkauf, Kreditlimit\u00fcberwachung<\/li>\n<li>Fakturierung, Storno, Gutschrift, Einzel oder Sammelrechnung nach Baustelle\/ Kunde<\/li>\n<li>Statistiken mit variablen Vergleichen und grafischen Darstellungen<\/li>\n<li>Daten\u00fcbernahme in Rechnungsarchiv und externe Archivierungssysteme<\/li>\n<li>Daten\u00fcbernahme in Finanzbuchhaltungen (Diamant, Datev, Varial, GDI, Schilling, KHK etc.)<\/li>\n<li>Modul Vertreterabrechnung &#8211; Besuchsberichte &#8211; Provisionsabrechnung<\/li>\n<li>Schnittstellen zu Microsoft Word und Excel<\/li>\n<\/ul>\n","protected":false},"excerpt":{"rendered":"<p>Preisanfrage, Angebotserstellung mit \u00dcbernahme in die Auftragsbest\u00e4tigung Preisfindung, Preispflege, alle Preisvarianten: Baustellen, Kunden, div. Preislisten, Rabatte und Frachts\u00e4tze Rezepturen Referenzbaustellen &#8211; Musterfl\u00e4chen Lieferschein-Tagesjournal, Betriebstagebuch, Barverkauf, Kreditlimit\u00fcberwachung Fakturierung, Storno, Gutschrift, Einzel oder Sammelrechnung nach Baustelle\/ Kunde Statistiken mit variablen Vergleichen und grafischen Darstellungen Daten\u00fcbernahme in Rechnungsarchiv und externe Archivierungssysteme Daten\u00fcbernahme in Finanzbuchhaltungen (Diamant, Datev, Varial, GDI, Schilling, KHK etc.) Modul Vertreterabrechnung &#8211; Besuchsberichte &#8211; Provisionsabrechnung Schnittstellen zu Microsoft Word und Excel<\/p>\n","protected":false},"author":1,"featured_media":0,"parent":38,"menu_order":3,"comment_status":"closed","ping_status":"closed","template":"","meta":{"_monsterinsights_skip_tracking":false,"_monsterinsights_sitenote_active":false,"_monsterinsights_sitenote_note":"","_monsterinsights_sitenote_category":0,"spay_email":""},"_links":{"self":[{"href":"https:\/\/wbs-software.de\/index.php?rest_route=\/wp\/v2\/pages\/96"}],"collection":[{"href":"https:\/\/wbs-software.de\/index.php?rest_route=\/wp\/v2\/pages"}],"about":[{"href":"https:\/\/wbs-software.de\/index.php?rest_route=\/wp\/v2\/types\/page"}],"author":[{"embeddable":true,"href":"https:\/\/wbs-software.de\/index.php?rest_route=\/wp\/v2\/users\/1"}],"replies":[{"embeddable":true,"href":"https:\/\/wbs-software.de\/index.php?rest_route=%2Fwp%2Fv2%2Fcomments&post=96"}],"version-history":[{"count":10,"href":"https:\/\/wbs-software.de\/index.php?rest_route=\/wp\/v2\/pages\/96\/revisions"}],"predecessor-version":[{"id":449,"href":"https:\/\/wbs-software.de\/index.php?rest_route=\/wp\/v2\/pages\/96\/revisions\/449"}],"up":[{"embeddable":true,"href":"https:\/\/wbs-software.de\/index.php?rest_route=\/wp\/v2\/pages\/38"}],"wp:attachment":[{"href":"https:\/\/wbs-software.de\/index.php?rest_route=%2Fwp%2Fv2%2Fmedia&parent=96"}],"curies":[{"name":"wp","href":"https:\/\/api.w.org\/{rel}","templated":true}]}}